{"id":3706,"date":"2026-02-10T12:20:36","date_gmt":"2026-02-10T11:20:36","guid":{"rendered":"https:\/\/mqterrarium.com\/?post_type=product&#038;p=3706"},"modified":"2026-02-10T12:20:36","modified_gmt":"2026-02-10T11:20:36","slug":"cueva-con-tapa","status":"publish","type":"product","link":"https:\/\/mqterrarium.com\/en\/product\/cueva-con-tapa\/","title":{"rendered":"Cueva con Tapa"},"content":{"rendered":"<p data-start=\"229\" data-end=\"559\">Refugio dise\u00f1ado para proporcionar a los reptiles un espacio seguro, oscuro y confortable, favoreciendo su bienestar y reduciendo el estr\u00e9s.<br data-start=\"369\" data-end=\"372\" \/>La <strong data-start=\"375\" data-end=\"404\">tapa superior <\/strong>\u00a0permite un acceso r\u00e1pido y c\u00f3modo al interior, facilitando la limpieza, la revisi\u00f3n del reptil o el control de la humedad sin necesidad de mover la cueva.<\/p>\n<p data-start=\"561\" data-end=\"687\">Fabricada en PVC, material resistentes y seguros para reptiles, es ideal para especies terrestres.<\/p>\n<p data-start=\"689\" data-end=\"721\"><strong data-start=\"689\" data-end=\"721\">Caracter\u00edsticas principales:<\/strong><\/p>\n<ul data-start=\"722\" data-end=\"1007\">\n<li data-start=\"722\" data-end=\"784\">\n<p data-start=\"724\" data-end=\"784\">Dise\u00f1o cerrado que aporta sensaci\u00f3n de seguridad al reptil.<\/p>\n<\/li>\n<li data-start=\"785\" data-end=\"846\">\n<p data-start=\"787\" data-end=\"846\">Tapa superior abatible para f\u00e1cil acceso y mantenimiento.<\/p>\n<\/li>\n<li data-start=\"847\" data-end=\"899\">\n<p data-start=\"849\" data-end=\"899\">Material: PVC DE 1cm, impermeable, resistente, duradero y f\u00e1cil de limpiar.<\/p>\n<\/li>\n<li data-start=\"900\" data-end=\"945\">\n<p data-start=\"902\" data-end=\"945\">Bordes suaves para evitar da\u00f1os al reptil.<\/p>\n<\/li>\n<li data-start=\"946\" data-end=\"1007\">\n<p data-start=\"948\" data-end=\"1007\">Apta para especies terrestres.<\/p>\n<\/li>\n<\/ul>\n<p data-start=\"1009\" data-end=\"1085\">Ideal como refugio, cueva de descanso o zona de humedad dentro del terrario.<\/p>","protected":false},"excerpt":{"rendered":"<p data-start=\"1092\" data-end=\"1139\">Refugio seguro para tu reptil. Con tapa superior abatible para un acceso f\u00e1cil y limpieza r\u00e1pida. Perfecto para reducir el estr\u00e9s y ofrecer comodidad dentro de cualquier terrario.<\/p>\n<p data-start=\"1339\" data-end=\"1433\">Indicada para reptiles terrestres como geckos, serpientes, pogonas u otras especies similares.<\/p>","protected":false},"featured_media":3714,"comment_status":"closed","ping_status":"closed","template":"","meta":{"site-sidebar-layout":"default","site-content-layout":"","ast-site-content-layout":"default","site-content-style":"default","site-sidebar-style":"default","ast-global-header-display":"","ast-banner-title-visibility":"","ast-main-header-display":"","ast-hfb-above-header-display":"","ast-hfb-below-header-display":"","ast-hfb-mobile-header-display":"","site-post-title":"","ast-breadcrumbs-content":"","ast-featured-img":"","footer-sml-layout":"","ast-disable-related-posts":"","theme-transparent-header-meta":"default","adv-header-id-meta":"","stick-header-meta":"default","header-above-stick-meta":"","header-main-stick-meta":"","header-below-stick-meta":"","astra-migrate-meta-layouts":"set","ast-page-background-enabled":"default","ast-page-background-meta":{"desktop":{"background-color":"","background-image":"","background-repeat":"repeat","background-position":"center center","background-size":"auto","background-attachment":"scroll","background-type":"","background-media":"","overlay-type":"","overlay-color":"","overlay-opacity":"","overlay-gradient":""},"tablet":{"background-color":"","background-image":"","background-repeat":"repeat","background-position":"center center","background-size":"auto","background-attachment":"scroll","background-type":"","background-media":"","overlay-type":"","overlay-color":"","overlay-opacity":"","overlay-gradient":""},"mobile":{"background-color":"","background-image":"","background-repeat":"repeat","background-position":"center center","background-size":"auto","background-attachment":"scroll","background-type":"","background-media":"","overlay-type":"","overlay-color":"","overlay-opacity":"","overlay-gradient":""}},"ast-content-background-meta":{"desktop":{"background-color":"var(--ast-global-color-4)","background-image":"","background-repeat":"repeat","background-position":"center center","background-size":"auto","background-attachment":"scroll","background-type":"","background-media":"","overlay-type":"","overlay-color":"","overlay-opacity":"","overlay-gradient":""},"tablet":{"background-color":"var(--ast-global-color-4)","background-image":"","background-repeat":"repeat","background-position":"center center","background-size":"auto","background-attachment":"scroll","background-type":"","background-media":"","overlay-type":"","overlay-color":"","overlay-opacity":"","overlay-gradient":""},"mobile":{"background-color":"var(--ast-global-color-4)","background-image":"","background-repeat":"repeat","background-position":"center center","background-size":"auto","background-attachment":"scroll","background-type":"","background-media":"","overlay-type":"","overlay-color":"","overlay-opacity":"","overlay-gradient":""}}},"product_brand":[],"product_cat":[82,81,106],"product_tag":[],"class_list":{"0":"post-3706","1":"product","2":"type-product","3":"status-publish","4":"has-post-thumbnail","6":"product_cat-accesorios-terrarios","7":"product_cat-accesorios-mq","8":"product_cat-cuevas","9":"product_shipping_class-accesorios-reducido","10":"desktop-align-center","11":"tablet-align-center","12":"mobile-align-center","13":"ast-product-gallery-layout-horizontal","14":"ast-product-single-variable","15":"ast-product-tabs-layout-horizontal","16":"ast-qv-on-image","18":"first","19":"instock","20":"taxable","21":"shipping-taxable","22":"purchasable","23":"product-type-variable"},"_links":{"self":[{"href":"https:\/\/mqterrarium.com\/en\/wp-json\/wp\/v2\/product\/3706","targetHints":{"allow":["GET"]}}],"collection":[{"href":"https:\/\/mqterrarium.com\/en\/wp-json\/wp\/v2\/product"}],"about":[{"href":"https:\/\/mqterrarium.com\/en\/wp-json\/wp\/v2\/types\/product"}],"replies":[{"embeddable":true,"href":"https:\/\/mqterrarium.com\/en\/wp-json\/wp\/v2\/comments?post=3706"}],"version-history":[{"count":2,"href":"https:\/\/mqterrarium.com\/en\/wp-json\/wp\/v2\/product\/3706\/revisions"}],"predecessor-version":[{"id":3719,"href":"https:\/\/mqterrarium.com\/en\/wp-json\/wp\/v2\/product\/3706\/revisions\/3719"}],"wp:featuredmedia":[{"embeddable":true,"href":"https:\/\/mqterrarium.com\/en\/wp-json\/wp\/v2\/media\/3714"}],"wp:attachment":[{"href":"https:\/\/mqterrarium.com\/en\/wp-json\/wp\/v2\/media?parent=3706"}],"wp:term":[{"taxonomy":"product_brand","embeddable":true,"href":"https:\/\/mqterrarium.com\/en\/wp-json\/wp\/v2\/product_brand?post=3706"},{"taxonomy":"product_cat","embeddable":true,"href":"https:\/\/mqterrarium.com\/en\/wp-json\/wp\/v2\/product_cat?post=3706"},{"taxonomy":"product_tag","embeddable":true,"href":"https:\/\/mqterrarium.com\/en\/wp-json\/wp\/v2\/product_tag?post=3706"}],"curies":[{"name":"wp","href":"https:\/\/api.w.org\/{rel}","templated":true}]}}