{"id":2968,"date":"2024-07-15T18:27:08","date_gmt":"2024-07-15T16:27:08","guid":{"rendered":"https:\/\/mqterrarium.com\/?page_id=2968"},"modified":"2024-07-28T17:44:55","modified_gmt":"2024-07-28T15:44:55","slug":"standard-terrariums","status":"publish","type":"page","link":"https:\/\/mqterrarium.com\/en\/standard-terrariums\/","title":{"rendered":"Standard terrariums"},"content":{"rendered":"<div data-elementor-type=\"wp-page\" data-elementor-id=\"2968\" class=\"elementor elementor-2968\" data-elementor-post-type=\"page\">\n\t\t\t\t\t\t<section class=\"elementor-section elementor-top-section elementor-element elementor-element-28f1fffe elementor-section-boxed elementor-section-height-default elementor-section-height-default\" data-id=\"28f1fffe\" data-element_type=\"section\" data-settings=\"{&quot;background_background&quot;:&quot;classic&quot;}\">\n\t\t\t\t\t\t<div class=\"elementor-container elementor-column-gap-no\">\n\t\t\t\t\t<div class=\"elementor-column elementor-col-100 elementor-top-column elementor-element elementor-element-6dd09a6e\" data-id=\"6dd09a6e\" data-element_type=\"column\">\n\t\t\t<div class=\"elementor-widget-wrap elementor-element-populated\">\n\t\t\t\t\t\t<div class=\"elementor-element elementor-element-33899b37 elementor-widget elementor-widget-heading\" data-id=\"33899b37\" data-element_type=\"widget\" data-widget_type=\"heading.default\">\n\t\t\t\t<div class=\"elementor-widget-container\">\n\t\t\t\t\t<h1 class=\"elementor-heading-title elementor-size-default\">Standard terrariums<\/h1>\t\t\t\t<\/div>\n\t\t\t\t<\/div>\n\t\t\t\t<div class=\"elementor-element elementor-element-57a77b3a elementor-widget elementor-widget-text-editor\" data-id=\"57a77b3a\" data-element_type=\"widget\" data-widget_type=\"text-editor.default\">\n\t\t\t\t<div class=\"elementor-widget-container\">\n\t\t\t\t\t\t\t\t\t<p>Discover our standard terrariums, designed to offer top and side ventilation and ample space for different types of reptiles and amphibians.<\/p><p>Designed with the unique needs of each species in mind, our terrariums ensure a safe and stimulating environment.<\/p>\t\t\t\t\t\t\t\t<\/div>\n\t\t\t\t<\/div>\n\t\t\t\t\t<\/div>\n\t\t<\/div>\n\t\t\t\t\t<\/div>\n\t\t<\/section>\n\t\t<div class=\"elementor-element elementor-element-acebb0c e-flex e-con-boxed e-con e-parent\" data-id=\"acebb0c\" data-element_type=\"container\">\n\t\t\t\t\t<div class=\"e-con-inner\">\n\t\t\t\t<div class=\"elementor-element elementor-element-b84637b elementor-grid-4 elementor-grid-tablet-3 elementor-grid-mobile-2 elementor-products-grid elementor-wc-products elementor-widget elementor-widget-woocommerce-products\" data-id=\"b84637b\" data-element_type=\"widget\" data-widget_type=\"woocommerce-products.default\">\n\t\t\t\t<div class=\"elementor-widget-container\">\n\t\t\t\t\t<div class=\"woocommerce columns-4\"><ul class=\"products elementor-grid columns-4\">\n<li class=\"desktop-align-center tablet-align-center mobile-align-center ast-product-gallery-layout-horizontal ast-product-gallery-with-no-image ast-product-single-variable ast-product-tabs-layout-horizontal ast-qv-on-image product type-product post-2495 status-publish first instock product_cat-terrarios-standard has-post-thumbnail taxable shipping-taxable purchasable product-type-variable\">\n\t<a href=\"https:\/\/mqterrarium.com\/en\/product\/standard-terrarium-60x45x60-cm\/\" class=\"woocommerce-LoopProduct-link woocommerce-loop-product__link\"><img fetchpriority=\"high\" decoding=\"async\" width=\"600\" height=\"600\" src=\"https:\/\/mqterrarium.com\/wp-content\/uploads\/2024\/06\/60x45x60-600x600.jpg\" class=\"attachment-woocommerce_thumbnail size-woocommerce_thumbnail\" alt=\"Standard terrarium 60x45x60 cm\" srcset=\"https:\/\/mqterrarium.com\/wp-content\/uploads\/2024\/06\/60x45x60-600x600.jpg 600w, https:\/\/mqterrarium.com\/wp-content\/uploads\/2024\/06\/60x45x60-300x300.jpg 300w, https:\/\/mqterrarium.com\/wp-content\/uploads\/2024\/06\/60x45x60-1024x1024.jpg 1024w, https:\/\/mqterrarium.com\/wp-content\/uploads\/2024\/06\/60x45x60-150x150.jpg 150w, https:\/\/mqterrarium.com\/wp-content\/uploads\/2024\/06\/60x45x60-768x768.jpg 768w, https:\/\/mqterrarium.com\/wp-content\/uploads\/2024\/06\/60x45x60-12x12.jpg 12w, https:\/\/mqterrarium.com\/wp-content\/uploads\/2024\/06\/60x45x60-100x100.jpg 100w, https:\/\/mqterrarium.com\/wp-content\/uploads\/2024\/06\/60x45x60.jpg 1181w\" sizes=\"(max-width: 600px) 100vw, 600px\" \/><h2 class=\"woocommerce-loop-product__title\">Standard terrarium 60x45x60 cm<\/h2>\n\t<span class=\"price\"><span class=\"woocommerce-Price-amount amount\" aria-hidden=\"true\"><bdi>197,00&nbsp;<span class=\"woocommerce-Price-currencySymbol\">&euro;<\/span><\/bdi><\/span> <span aria-hidden=\"true\">&ndash;<\/span> <span class=\"woocommerce-Price-amount amount\" aria-hidden=\"true\"><bdi>229,00&nbsp;<span class=\"woocommerce-Price-currencySymbol\">&euro;<\/span><\/bdi><\/span><span class=\"screen-reader-text\" data-no-translation=\"\" data-trp-gettext=\"\">Price range: 197,00&nbsp;&euro; through 229,00&nbsp;&euro;<\/span><\/span>\n<\/a><a href=\"https:\/\/mqterrarium.com\/en\/product\/standard-terrarium-60x45x60-cm\/\" aria-describedby=\"woocommerce_loop_add_to_cart_link_describedby_2495\" data-quantity=\"1\" class=\"button product_type_variable add_to_cart_button cfvsw_ajax_add_to_cart\" data-product_id=\"2495\" data-product_sku=\"\" aria-label=\"Elige las opciones para \u201cTerrario est\u00e1ndar 60x45x60 cm\u201d\" rel=\"nofollow\" data-add_to_cart_text=\"Add to Cart\" data-select_options_text=\"Seleccionar opciones\" data-no-translation=\"\" data-trp-gettext=\"\" data-no-translation-aria-label=\"\" data-no-translation-data-select_options_text=\"\">Seleccionar opciones<\/a>\t<span id=\"woocommerce_loop_add_to_cart_link_describedby_2495\" class=\"screen-reader-text\">\n\t\tEste producto tiene m\u00faltiples variantes. Las opciones se pueden elegir en la p\u00e1gina de producto\t<\/span>\n<\/li>\n<li class=\"desktop-align-center tablet-align-center mobile-align-center ast-product-gallery-layout-horizontal ast-product-gallery-with-no-image ast-product-single-variable ast-product-tabs-layout-horizontal ast-qv-on-image product type-product post-2469 status-publish instock product_cat-terrarios-standard has-post-thumbnail taxable shipping-taxable purchasable product-type-variable\">\n\t<a href=\"https:\/\/mqterrarium.com\/en\/product\/standard-terrarium-45x45x60-cm\/\" class=\"woocommerce-LoopProduct-link woocommerce-loop-product__link\"><img decoding=\"async\" width=\"600\" height=\"600\" src=\"https:\/\/mqterrarium.com\/wp-content\/uploads\/2024\/06\/45x45x60-600x600.jpg\" class=\"attachment-woocommerce_thumbnail size-woocommerce_thumbnail\" alt=\"Standard terrarium 45x45x60 cm\" srcset=\"https:\/\/mqterrarium.com\/wp-content\/uploads\/2024\/06\/45x45x60-600x600.jpg 600w, https:\/\/mqterrarium.com\/wp-content\/uploads\/2024\/06\/45x45x60-300x300.jpg 300w, https:\/\/mqterrarium.com\/wp-content\/uploads\/2024\/06\/45x45x60-1024x1024.jpg 1024w, https:\/\/mqterrarium.com\/wp-content\/uploads\/2024\/06\/45x45x60-150x150.jpg 150w, https:\/\/mqterrarium.com\/wp-content\/uploads\/2024\/06\/45x45x60-768x768.jpg 768w, https:\/\/mqterrarium.com\/wp-content\/uploads\/2024\/06\/45x45x60-12x12.jpg 12w, https:\/\/mqterrarium.com\/wp-content\/uploads\/2024\/06\/45x45x60-100x100.jpg 100w, https:\/\/mqterrarium.com\/wp-content\/uploads\/2024\/06\/45x45x60.jpg 1181w\" sizes=\"(max-width: 600px) 100vw, 600px\" \/><h2 class=\"woocommerce-loop-product__title\">Standard terrarium 45x45x60 cm<\/h2>\n\t<span class=\"price\"><span class=\"woocommerce-Price-amount amount\" aria-hidden=\"true\"><bdi>179,00&nbsp;<span class=\"woocommerce-Price-currencySymbol\">&euro;<\/span><\/bdi><\/span> <span aria-hidden=\"true\">&ndash;<\/span> <span class=\"woocommerce-Price-amount amount\" aria-hidden=\"true\"><bdi>209,00&nbsp;<span class=\"woocommerce-Price-currencySymbol\">&euro;<\/span><\/bdi><\/span><span class=\"screen-reader-text\" data-no-translation=\"\" data-trp-gettext=\"\">Price range: 179,00&nbsp;&euro; through 209,00&nbsp;&euro;<\/span><\/span>\n<\/a><a href=\"https:\/\/mqterrarium.com\/en\/product\/standard-terrarium-45x45x60-cm\/\" aria-describedby=\"woocommerce_loop_add_to_cart_link_describedby_2469\" data-quantity=\"1\" class=\"button product_type_variable add_to_cart_button cfvsw_ajax_add_to_cart\" data-product_id=\"2469\" data-product_sku=\"\" aria-label=\"Elige las opciones para \u201cTerrario est\u00e1ndar 45x45x60 cm\u201d\" rel=\"nofollow\" data-add_to_cart_text=\"Add to Cart\" data-select_options_text=\"Seleccionar opciones\" data-no-translation=\"\" data-trp-gettext=\"\" data-no-translation-aria-label=\"\" data-no-translation-data-select_options_text=\"\">Seleccionar opciones<\/a>\t<span id=\"woocommerce_loop_add_to_cart_link_describedby_2469\" class=\"screen-reader-text\">\n\t\tEste producto tiene m\u00faltiples variantes. Las opciones se pueden elegir en la p\u00e1gina de producto\t<\/span>\n<\/li>\n<li class=\"desktop-align-center tablet-align-center mobile-align-center ast-product-gallery-layout-horizontal ast-product-gallery-with-no-image ast-product-single-variable ast-product-tabs-layout-horizontal ast-qv-on-image product type-product post-2434 status-publish instock product_cat-terrarios-standard has-post-thumbnail taxable shipping-taxable purchasable product-type-variable\">\n\t<a href=\"https:\/\/mqterrarium.com\/en\/product\/standard-terrarium-30x45x45-cm\/\" class=\"woocommerce-LoopProduct-link woocommerce-loop-product__link\"><img decoding=\"async\" width=\"600\" height=\"600\" src=\"https:\/\/mqterrarium.com\/wp-content\/uploads\/2024\/06\/30x45x45-600x600.jpg\" class=\"attachment-woocommerce_thumbnail size-woocommerce_thumbnail\" alt=\"Standard terrarium 30x45x45 cm\" srcset=\"https:\/\/mqterrarium.com\/wp-content\/uploads\/2024\/06\/30x45x45-600x600.jpg 600w, https:\/\/mqterrarium.com\/wp-content\/uploads\/2024\/06\/30x45x45-150x150.jpg 150w, https:\/\/mqterrarium.com\/wp-content\/uploads\/2024\/06\/30x45x45-100x100.jpg 100w\" sizes=\"(max-width: 600px) 100vw, 600px\" \/><h2 class=\"woocommerce-loop-product__title\">Standard terrarium 30x45x45 cm<\/h2>\n\t<span class=\"price\"><span class=\"woocommerce-Price-amount amount\" aria-hidden=\"true\"><bdi>159,00&nbsp;<span class=\"woocommerce-Price-currencySymbol\">&euro;<\/span><\/bdi><\/span> <span aria-hidden=\"true\">&ndash;<\/span> <span class=\"woocommerce-Price-amount amount\" aria-hidden=\"true\"><bdi>186,00&nbsp;<span class=\"woocommerce-Price-currencySymbol\">&euro;<\/span><\/bdi><\/span><span class=\"screen-reader-text\" data-no-translation=\"\" data-trp-gettext=\"\">Price range: 159,00&nbsp;&euro; through 186,00&nbsp;&euro;<\/span><\/span>\n<\/a><a href=\"https:\/\/mqterrarium.com\/en\/product\/standard-terrarium-30x45x45-cm\/\" aria-describedby=\"woocommerce_loop_add_to_cart_link_describedby_2434\" data-quantity=\"1\" class=\"button product_type_variable add_to_cart_button cfvsw_ajax_add_to_cart\" data-product_id=\"2434\" data-product_sku=\"\" aria-label=\"Elige las opciones para \u201cTerrario est\u00e1ndar 30x45x45 cm\u201d\" rel=\"nofollow\" data-add_to_cart_text=\"Add to Cart\" data-select_options_text=\"Seleccionar opciones\" data-no-translation=\"\" data-trp-gettext=\"\" data-no-translation-aria-label=\"\" data-no-translation-data-select_options_text=\"\">Seleccionar opciones<\/a>\t<span id=\"woocommerce_loop_add_to_cart_link_describedby_2434\" class=\"screen-reader-text\">\n\t\tEste producto tiene m\u00faltiples variantes. Las opciones se pueden elegir en la p\u00e1gina de producto\t<\/span>\n<\/li>\n<li class=\"desktop-align-center tablet-align-center mobile-align-center ast-product-gallery-layout-horizontal ast-product-gallery-with-no-image ast-product-single-variable ast-product-tabs-layout-horizontal ast-qv-on-image product type-product post-2350 status-publish last instock product_cat-terrarios-standard has-post-thumbnail taxable shipping-taxable purchasable product-type-variable\">\n\t<a href=\"https:\/\/mqterrarium.com\/en\/product\/terrarium-60x45x40-cm\/\" class=\"woocommerce-LoopProduct-link woocommerce-loop-product__link\"><img loading=\"lazy\" decoding=\"async\" width=\"600\" height=\"600\" src=\"https:\/\/mqterrarium.com\/wp-content\/uploads\/2024\/06\/45x45x30-negro-600x600.jpg\" class=\"attachment-woocommerce_thumbnail size-woocommerce_thumbnail\" alt=\"Standard terrarium 60x45x40 cm\" srcset=\"https:\/\/mqterrarium.com\/wp-content\/uploads\/2024\/06\/45x45x30-negro-600x600.jpg 600w, https:\/\/mqterrarium.com\/wp-content\/uploads\/2024\/06\/45x45x30-negro-150x150.jpg 150w, https:\/\/mqterrarium.com\/wp-content\/uploads\/2024\/06\/45x45x30-negro-100x100.jpg 100w\" sizes=\"(max-width: 600px) 100vw, 600px\" \/><h2 class=\"woocommerce-loop-product__title\">Standard terrarium 60x45x40 cm<\/h2>\n\t<span class=\"price\"><span class=\"woocommerce-Price-amount amount\" aria-hidden=\"true\"><bdi>184,00&nbsp;<span class=\"woocommerce-Price-currencySymbol\">&euro;<\/span><\/bdi><\/span> <span aria-hidden=\"true\">&ndash;<\/span> <span class=\"woocommerce-Price-amount amount\" aria-hidden=\"true\"><bdi>211,00&nbsp;<span class=\"woocommerce-Price-currencySymbol\">&euro;<\/span><\/bdi><\/span><span class=\"screen-reader-text\" data-no-translation=\"\" data-trp-gettext=\"\">Price range: 184,00&nbsp;&euro; through 211,00&nbsp;&euro;<\/span><\/span>\n<\/a><a href=\"https:\/\/mqterrarium.com\/en\/product\/terrarium-60x45x40-cm\/\" aria-describedby=\"woocommerce_loop_add_to_cart_link_describedby_2350\" data-quantity=\"1\" class=\"button product_type_variable add_to_cart_button cfvsw_ajax_add_to_cart\" data-product_id=\"2350\" data-product_sku=\"\" aria-label=\"Elige las opciones para \u201cTerrario est\u00e1ndar 60x45x40 cm\u201d\" rel=\"nofollow\" data-add_to_cart_text=\"Add to Cart\" data-select_options_text=\"Seleccionar opciones\" data-no-translation=\"\" data-trp-gettext=\"\" data-no-translation-aria-label=\"\" data-no-translation-data-select_options_text=\"\">Seleccionar opciones<\/a>\t<span id=\"woocommerce_loop_add_to_cart_link_describedby_2350\" class=\"screen-reader-text\">\n\t\tEste producto tiene m\u00faltiples variantes. Las opciones se pueden elegir en la p\u00e1gina de producto\t<\/span>\n<\/li>\n<li class=\"desktop-align-center tablet-align-center mobile-align-center ast-product-gallery-layout-horizontal ast-product-single-variable ast-product-tabs-layout-horizontal ast-qv-on-image product type-product post-2407 status-publish first instock product_cat-terrarios-standard has-post-thumbnail taxable shipping-taxable purchasable product-type-variable\">\n\t<a href=\"https:\/\/mqterrarium.com\/en\/product\/standard-terrarium-120x50x60-cm\/\" class=\"woocommerce-LoopProduct-link woocommerce-loop-product__link\"><img loading=\"lazy\" decoding=\"async\" width=\"600\" height=\"600\" src=\"https:\/\/mqterrarium.com\/wp-content\/uploads\/2024\/06\/120x50x60-1-600x600.jpg\" class=\"attachment-woocommerce_thumbnail size-woocommerce_thumbnail\" alt=\"Standard terrarium 120x50x60 cm\" srcset=\"https:\/\/mqterrarium.com\/wp-content\/uploads\/2024\/06\/120x50x60-1-600x600.jpg 600w, https:\/\/mqterrarium.com\/wp-content\/uploads\/2024\/06\/120x50x60-1-150x150.jpg 150w, https:\/\/mqterrarium.com\/wp-content\/uploads\/2024\/06\/120x50x60-1-100x100.jpg 100w\" sizes=\"(max-width: 600px) 100vw, 600px\" \/><h2 class=\"woocommerce-loop-product__title\">Standard terrarium 120x50x60 cm<\/h2>\n\t<span class=\"price\"><span class=\"woocommerce-Price-amount amount\" aria-hidden=\"true\"><bdi>319,90&nbsp;<span class=\"woocommerce-Price-currencySymbol\">&euro;<\/span><\/bdi><\/span> <span aria-hidden=\"true\">&ndash;<\/span> <span class=\"woocommerce-Price-amount amount\" aria-hidden=\"true\"><bdi>359,90&nbsp;<span class=\"woocommerce-Price-currencySymbol\">&euro;<\/span><\/bdi><\/span><span class=\"screen-reader-text\" data-no-translation=\"\" data-trp-gettext=\"\">Price range: 319,90&nbsp;&euro; through 359,90&nbsp;&euro;<\/span><\/span>\n<\/a><a href=\"https:\/\/mqterrarium.com\/en\/product\/standard-terrarium-120x50x60-cm\/\" aria-describedby=\"woocommerce_loop_add_to_cart_link_describedby_2407\" data-quantity=\"1\" class=\"button product_type_variable add_to_cart_button cfvsw_ajax_add_to_cart\" data-product_id=\"2407\" data-product_sku=\"\" aria-label=\"Elige las opciones para \u201cTerrario est\u00e1ndar 120x50x60 cm\u201d\" rel=\"nofollow\" data-add_to_cart_text=\"Add to Cart\" data-select_options_text=\"Seleccionar opciones\" data-no-translation=\"\" data-trp-gettext=\"\" data-no-translation-aria-label=\"\" data-no-translation-data-select_options_text=\"\">Seleccionar opciones<\/a>\t<span id=\"woocommerce_loop_add_to_cart_link_describedby_2407\" class=\"screen-reader-text\">\n\t\tEste producto tiene m\u00faltiples variantes. Las opciones se pueden elegir en la p\u00e1gina de producto\t<\/span>\n<\/li>\n<li class=\"desktop-align-center tablet-align-center mobile-align-center ast-product-gallery-layout-horizontal ast-product-gallery-with-no-image ast-product-single-variable ast-product-tabs-layout-horizontal ast-qv-on-image product type-product post-2291 status-publish instock product_cat-terrarios-standard has-post-thumbnail taxable shipping-taxable purchasable product-type-variable\">\n\t<a href=\"https:\/\/mqterrarium.com\/en\/product\/standard-terrarium-45x45x30-cm\/\" class=\"woocommerce-LoopProduct-link woocommerce-loop-product__link\"><img loading=\"lazy\" decoding=\"async\" width=\"600\" height=\"600\" src=\"https:\/\/mqterrarium.com\/wp-content\/uploads\/2024\/06\/45x45x30-600x600.jpg\" class=\"attachment-woocommerce_thumbnail size-woocommerce_thumbnail\" alt=\"Standard terrarium 45x45x30 cm\" srcset=\"https:\/\/mqterrarium.com\/wp-content\/uploads\/2024\/06\/45x45x30-600x600.jpg 600w, https:\/\/mqterrarium.com\/wp-content\/uploads\/2024\/06\/45x45x30-150x150.jpg 150w, https:\/\/mqterrarium.com\/wp-content\/uploads\/2024\/06\/45x45x30-100x100.jpg 100w\" sizes=\"(max-width: 600px) 100vw, 600px\" \/><h2 class=\"woocommerce-loop-product__title\">Standard terrarium 45x45x30 cm<\/h2>\n\t<span class=\"price\"><span class=\"woocommerce-Price-amount amount\" aria-hidden=\"true\"><bdi>153,90&nbsp;<span class=\"woocommerce-Price-currencySymbol\">&euro;<\/span><\/bdi><\/span> <span aria-hidden=\"true\">&ndash;<\/span> <span class=\"woocommerce-Price-amount amount\" aria-hidden=\"true\"><bdi>180,90&nbsp;<span class=\"woocommerce-Price-currencySymbol\">&euro;<\/span><\/bdi><\/span><span class=\"screen-reader-text\" data-no-translation=\"\" data-trp-gettext=\"\">Price range: 153,90&nbsp;&euro; through 180,90&nbsp;&euro;<\/span><\/span>\n<\/a><a href=\"https:\/\/mqterrarium.com\/en\/product\/standard-terrarium-45x45x30-cm\/\" aria-describedby=\"woocommerce_loop_add_to_cart_link_describedby_2291\" data-quantity=\"1\" class=\"button product_type_variable add_to_cart_button cfvsw_ajax_add_to_cart\" data-product_id=\"2291\" data-product_sku=\"\" aria-label=\"Elige las opciones para \u201cTerrario est\u00e1ndar 45x45x30 cm\u201d\" rel=\"nofollow\" data-add_to_cart_text=\"Add to Cart\" data-select_options_text=\"Seleccionar opciones\" data-no-translation=\"\" data-trp-gettext=\"\" data-no-translation-aria-label=\"\" data-no-translation-data-select_options_text=\"\">Seleccionar opciones<\/a>\t<span id=\"woocommerce_loop_add_to_cart_link_describedby_2291\" class=\"screen-reader-text\">\n\t\tEste producto tiene m\u00faltiples variantes. Las opciones se pueden elegir en la p\u00e1gina de producto\t<\/span>\n<\/li>\n<\/ul>\n<\/div>\t\t\t\t<\/div>\n\t\t\t\t<\/div>\n\t\t\t\t\t<\/div>\n\t\t\t\t<\/div>\n\t\t<div class=\"elementor-element elementor-element-62bd90e e-flex e-con-boxed e-con e-parent\" data-id=\"62bd90e\" data-element_type=\"container\">\n\t\t\t\t\t<div class=\"e-con-inner\">\n\t\t\t\t<div class=\"elementor-element elementor-element-742fac0 elementor-widget elementor-widget-spacer\" data-id=\"742fac0\" data-element_type=\"widget\" data-widget_type=\"spacer.default\">\n\t\t\t\t<div class=\"elementor-widget-container\">\n\t\t\t\t\t\t\t<div class=\"elementor-spacer\">\n\t\t\t<div class=\"elementor-spacer-inner\"><\/div>\n\t\t<\/div>\n\t\t\t\t\t\t<\/div>\n\t\t\t\t<\/div>\n\t\t\t\t\t<\/div>\n\t\t\t\t<\/div>\n\t\t\t\t<\/div>","protected":false},"excerpt":{"rendered":"<p>Terrarios standard Descubre nuestros terrarios est\u00e1ndar, dise\u00f1ados para ofrecer ventilaci\u00f3n superior, lateral y espacios amplios para diferentes tipos de reptiles y anfibios. Con un dise\u00f1o pensado en las necesidades [&hellip;]<\/p>","protected":false},"author":1,"featured_media":0,"parent":0,"menu_order":0,"comment_status":"closed","ping_status":"closed","template":"","meta":{"site-sidebar-layout":"no-sidebar","site-content-layout":"page-builder","ast-site-content-layout":"full-width-container","site-content-style":"unboxed","site-sidebar-style":"unboxed","ast-global-header-display":"","ast-banner-title-visibility":"","ast-main-header-display":"","ast-hfb-above-header-display":"","ast-hfb-below-header-display":"","ast-hfb-mobile-header-display":"","site-post-title":"disabled","ast-breadcrumbs-content":"","ast-featured-img":"disabled","footer-sml-layout":"","ast-disable-related-posts":"","theme-transparent-header-meta":"default","adv-header-id-meta":"","stick-header-meta":"default","header-above-stick-meta":"","header-main-stick-meta":"","header-below-stick-meta":"","astra-migrate-meta-layouts":"set","ast-page-background-enabled":"default","ast-page-background-meta":{"desktop":{"background-color":"","background-image":"","background-repeat":"repeat","background-position":"center center","background-size":"auto","background-attachment":"scroll","background-type":"","background-media":"","overlay-type":"","overlay-color":"","overlay-opacity":"","overlay-gradient":""},"tablet":{"background-color":"","background-image":"","background-repeat":"repeat","background-position":"center center","background-size":"auto","background-attachment":"scroll","background-type":"","background-media":"","overlay-type":"","overlay-color":"","overlay-opacity":"","overlay-gradient":""},"mobile":{"background-color":"","background-image":"","background-repeat":"repeat","background-position":"center center","background-size":"auto","background-attachment":"scroll","background-type":"","background-media":"","overlay-type":"","overlay-color":"","overlay-opacity":"","overlay-gradient":""}},"ast-content-background-meta":{"desktop":{"background-color":"var(--ast-global-color-4)","background-image":"","background-repeat":"repeat","background-position":"center center","background-size":"auto","background-attachment":"scroll","background-type":"","background-media":"","overlay-type":"","overlay-color":"","overlay-opacity":"","overlay-gradient":""},"tablet":{"background-color":"var(--ast-global-color-4)","background-image":"","background-repeat":"repeat","background-position":"center center","background-size":"auto","background-attachment":"scroll","background-type":"","background-media":"","overlay-type":"","overlay-color":"","overlay-opacity":"","overlay-gradient":""},"mobile":{"background-color":"var(--ast-global-color-4)","background-image":"","background-repeat":"repeat","background-position":"center center","background-size":"auto","background-attachment":"scroll","background-type":"","background-media":"","overlay-type":"","overlay-color":"","overlay-opacity":"","overlay-gradient":""}},"footnotes":""},"class_list":["post-2968","page","type-page","status-publish","hentry"],"_links":{"self":[{"href":"https:\/\/mqterrarium.com\/en\/wp-json\/wp\/v2\/pages\/2968","targetHints":{"allow":["GET"]}}],"collection":[{"href":"https:\/\/mqterrarium.com\/en\/wp-json\/wp\/v2\/pages"}],"about":[{"href":"https:\/\/mqterrarium.com\/en\/wp-json\/wp\/v2\/types\/page"}],"author":[{"embeddable":true,"href":"https:\/\/mqterrarium.com\/en\/wp-json\/wp\/v2\/users\/1"}],"replies":[{"embeddable":true,"href":"https:\/\/mqterrarium.com\/en\/wp-json\/wp\/v2\/comments?post=2968"}],"version-history":[{"count":5,"href":"https:\/\/mqterrarium.com\/en\/wp-json\/wp\/v2\/pages\/2968\/revisions"}],"predecessor-version":[{"id":2973,"href":"https:\/\/mqterrarium.com\/en\/wp-json\/wp\/v2\/pages\/2968\/revisions\/2973"}],"wp:attachment":[{"href":"https:\/\/mqterrarium.com\/en\/wp-json\/wp\/v2\/media?parent=2968"}],"curies":[{"name":"wp","href":"https:\/\/api.w.org\/{rel}","templated":true}]}}