{"id":3723,"date":"2026-03-05T13:44:51","date_gmt":"2026-03-05T12:44:51","guid":{"rendered":"https:\/\/mqterrarium.com\/?post_type=product&#038;p=3723"},"modified":"2026-03-05T13:49:42","modified_gmt":"2026-03-05T12:49:42","slug":"protector-de-techo-para-terrario","status":"publish","type":"product","link":"https:\/\/mqterrarium.com\/de\/produkt\/protector-de-techo-para-terrario\/","title":{"rendered":"Protector de techo para terrario"},"content":{"rendered":"<p data-start=\"345\" data-end=\"654\">Protector de techo dise\u00f1ado para <strong data-start=\"378\" data-end=\"509\">proteger la parte superior del terrario cuando calefactamos con bombilla<\/strong>. Fabricado con <strong data-start=\"525\" data-end=\"588\">marco y base de PVC de 1 cm y plancha de aluminio<\/strong>, ofrece durabilidad, seguridad y un acabado limpio y profesional.<\/p>\n<p data-start=\"656\" data-end=\"738\">Ideal para mantener el terrario en perfectas condiciones y prolongar su vida \u00fatil, tambi\u00e9n nos ayuda a minimizar el impacto del calor en terrarios que podamos a\u00f1adir en caso de apilar en bateria.<\/p>\n<p data-start=\"740\" data-end=\"916\">\u2714 Marco y base resistente de PVC.<br data-start=\"765\" data-end=\"768\" \/>\u2714 Plancha de aluminio.<br data-start=\"794\" data-end=\"797\" \/>\u2714 Protecci\u00f3n frente a calor.<br data-start=\"834\" data-end=\"837\" \/>\u2714 Dise\u00f1o duradero y f\u00e1cil de instalar.<br data-start=\"874\" data-end=\"877\" \/>\u2714 Compatible con terrarios de PVC.<\/p>\n<p data-start=\"740\" data-end=\"916\">*Incluye torniller\u00eda para su instalaci\u00f3n<\/p>\n<p data-start=\"740\" data-end=\"916\">Medida: 27 x 18 x 2 cm<\/p>","protected":false},"excerpt":{"rendered":"<p data-start=\"345\" data-end=\"654\">Protector de techo dise\u00f1ado para <strong data-start=\"378\" data-end=\"509\">proteger la parte superior del terrario cuando calefactamos con bombilla<\/strong>. Fabricado con <strong data-start=\"525\" data-end=\"588\">marco y base de PVC de 1 cm y plancha de aluminio<\/strong>, ofrece durabilidad, seguridad y un acabado limpio y profesional.<\/p>\n<p data-start=\"656\" data-end=\"738\">Ideal para mantener el terrario en perfectas condiciones y prolongar su vida \u00fatil, tambi\u00e9n nos ayuda a minimizar el impacto del calor en terrarios que podamos a\u00f1adir en caso de apilar en bateria.<\/p>\n<p data-start=\"656\" data-end=\"738\">\u2714 Marco y base resistente de PVC.<br data-start=\"765\" data-end=\"768\" \/>\u2714 Plancha de aluminio.<br data-start=\"794\" data-end=\"797\" \/>\u2714 Protecci\u00f3n frente a calor.<br data-start=\"834\" data-end=\"837\" \/>\u2714 Dise\u00f1o duradero y f\u00e1cil de instalar.<br data-start=\"874\" data-end=\"877\" \/>\u2714 Compatible con terrarios de PVC.<\/p>\n<p data-start=\"740\" data-end=\"916\">*Incluye torniller\u00eda para su instalaci\u00f3n<\/p>\n<p data-start=\"740\" data-end=\"916\">Medida: 27 x 18 x 2 cm<\/p>","protected":false},"featured_media":3728,"comment_status":"closed","ping_status":"closed","template":"","meta":{"site-sidebar-layout":"default","site-content-layout":"","ast-site-content-layout":"default","site-content-style":"default","site-sidebar-style":"default","ast-global-header-display":"","ast-banner-title-visibility":"","ast-main-header-display":"","ast-hfb-above-header-display":"","ast-hfb-below-header-display":"","ast-hfb-mobile-header-display":"","site-post-title":"","ast-breadcrumbs-content":"","ast-featured-img":"","footer-sml-layout":"","ast-disable-related-posts":"","theme-transparent-header-meta":"default","adv-header-id-meta":"","stick-header-meta":"default","header-above-stick-meta":"","header-main-stick-meta":"","header-below-stick-meta":"","astra-migrate-meta-layouts":"set","ast-page-background-enabled":"default","ast-page-background-meta":{"desktop":{"background-color":"","background-image":"","background-repeat":"repeat","background-position":"center center","background-size":"auto","background-attachment":"scroll","background-type":"","background-media":"","overlay-type":"","overlay-color":"","overlay-opacity":"","overlay-gradient":""},"tablet":{"background-color":"","background-image":"","background-repeat":"repeat","background-position":"center center","background-size":"auto","background-attachment":"scroll","background-type":"","background-media":"","overlay-type":"","overlay-color":"","overlay-opacity":"","overlay-gradient":""},"mobile":{"background-color":"","background-image":"","background-repeat":"repeat","background-position":"center center","background-size":"auto","background-attachment":"scroll","background-type":"","background-media":"","overlay-type":"","overlay-color":"","overlay-opacity":"","overlay-gradient":""}},"ast-content-background-meta":{"desktop":{"background-color":"var(--ast-global-color-4)","background-image":"","background-repeat":"repeat","background-position":"center center","background-size":"auto","background-attachment":"scroll","background-type":"","background-media":"","overlay-type":"","overlay-color":"","overlay-opacity":"","overlay-gradient":""},"tablet":{"background-color":"var(--ast-global-color-4)","background-image":"","background-repeat":"repeat","background-position":"center center","background-size":"auto","background-attachment":"scroll","background-type":"","background-media":"","overlay-type":"","overlay-color":"","overlay-opacity":"","overlay-gradient":""},"mobile":{"background-color":"var(--ast-global-color-4)","background-image":"","background-repeat":"repeat","background-position":"center center","background-size":"auto","background-attachment":"scroll","background-type":"","background-media":"","overlay-type":"","overlay-color":"","overlay-opacity":"","overlay-gradient":""}}},"product_brand":[],"product_cat":[100,81,103,88,107],"product_tag":[],"class_list":{"0":"post-3723","1":"product","2":"type-product","3":"status-publish","4":"has-post-thumbnail","6":"product_cat-bombillas","7":"product_cat-accesorios-mq","8":"product_cat-bombillas-calefaccion","9":"product_cat-iluminacion","10":"product_cat-soportes","11":"product_shipping_class-accesorios-reducido","12":"desktop-align-center","13":"tablet-align-center","14":"mobile-align-center","15":"ast-product-gallery-layout-horizontal","16":"ast-product-single-variable","17":"ast-product-tabs-layout-horizontal","18":"ast-qv-on-image","20":"first","21":"instock","22":"taxable","23":"shipping-taxable","24":"purchasable","25":"product-type-variable"},"_links":{"self":[{"href":"https:\/\/mqterrarium.com\/de\/wp-json\/wp\/v2\/product\/3723","targetHints":{"allow":["GET"]}}],"collection":[{"href":"https:\/\/mqterrarium.com\/de\/wp-json\/wp\/v2\/product"}],"about":[{"href":"https:\/\/mqterrarium.com\/de\/wp-json\/wp\/v2\/types\/product"}],"replies":[{"embeddable":true,"href":"https:\/\/mqterrarium.com\/de\/wp-json\/wp\/v2\/comments?post=3723"}],"version-history":[{"count":3,"href":"https:\/\/mqterrarium.com\/de\/wp-json\/wp\/v2\/product\/3723\/revisions"}],"predecessor-version":[{"id":3734,"href":"https:\/\/mqterrarium.com\/de\/wp-json\/wp\/v2\/product\/3723\/revisions\/3734"}],"wp:featuredmedia":[{"embeddable":true,"href":"https:\/\/mqterrarium.com\/de\/wp-json\/wp\/v2\/media\/3728"}],"wp:attachment":[{"href":"https:\/\/mqterrarium.com\/de\/wp-json\/wp\/v2\/media?parent=3723"}],"wp:term":[{"taxonomy":"product_brand","embeddable":true,"href":"https:\/\/mqterrarium.com\/de\/wp-json\/wp\/v2\/product_brand?post=3723"},{"taxonomy":"product_cat","embeddable":true,"href":"https:\/\/mqterrarium.com\/de\/wp-json\/wp\/v2\/product_cat?post=3723"},{"taxonomy":"product_tag","embeddable":true,"href":"https:\/\/mqterrarium.com\/de\/wp-json\/wp\/v2\/product_tag?post=3723"}],"curies":[{"name":"wp","href":"https:\/\/api.w.org\/{rel}","templated":true}]}}