{"id":3593,"date":"2026-01-24T16:35:32","date_gmt":"2026-01-24T15:35:32","guid":{"rendered":"https:\/\/mqterrarium.com\/?post_type=product&#038;p=3593"},"modified":"2026-01-30T14:17:42","modified_gmt":"2026-01-30T13:17:42","slug":"lampara-con-pinza-e27-black-edition-reptile-systems-medium-y-large","status":"publish","type":"product","link":"https:\/\/mqterrarium.com\/de\/produkt\/lampara-con-pinza-e27-black-edition-reptile-systems-medium-y-large\/","title":{"rendered":"L\u00e1mpara con Pinza E27 Black Edition Reptile Systems ( Medium y Large )"},"content":{"rendered":"<p data-start=\"973\" data-end=\"1276\"><span data-start=\"976\" data-end=\"1027\">L\u00e1mpara<\/span><strong data-start=\"976\" data-end=\"1027\"> (Black Edition) de Reptile Systems<\/strong> es una soluci\u00f3n pr\u00e1ctica y segura para la iluminaci\u00f3n y calefacci\u00f3n de terrarios. Fabricada con materiales resistentes y un <strong data-start=\"1152\" data-end=\"1181\">acabado negro profesional<\/strong>, est\u00e1 dise\u00f1ada para soportar el uso de bombillas E27 de calor, cer\u00e1micas, spot o UV compactas.<\/p>\n<p data-start=\"1278\" data-end=\"1582\">Su <strong data-start=\"1281\" data-end=\"1347\">reflector interior optimiza la proyecci\u00f3n de la luz y el calor<\/strong>, ayudando a crear un entorno t\u00e9rmico adecuado para reptiles y otros animales ex\u00f3ticos. Gracias a su <strong data-start=\"1448\" data-end=\"1483\">pinza met\u00e1lica de alta sujeci\u00f3n<\/strong>, permite una instalaci\u00f3n r\u00e1pida y estable en diferentes superficies sin necesidad de herramientas.<\/p>\n<p data-start=\"1584\" data-end=\"1743\">Disponible en dos tama\u00f1os, se adapta tanto a terrarios medianos como a instalaciones de mayor tama\u00f1o, siendo una opci\u00f3n ideal para uso dom\u00e9stico y profesional.<\/p>\n<h2 data-start=\"1750\" data-end=\"1771\">Caracteristicas generales<\/h2>\n<ul data-start=\"1772\" data-end=\"1993\">\n<li data-start=\"1772\" data-end=\"1801\">\n<p data-start=\"1774\" data-end=\"1801\">Casquillo <strong data-start=\"1784\" data-end=\"1801\">E27 universal<\/strong><\/p>\n<\/li>\n<li data-start=\"1802\" data-end=\"1849\">\n<p data-start=\"1804\" data-end=\"1849\">Acabado <strong data-start=\"1812\" data-end=\"1829\">Black Edition<\/strong> resistente al calor<\/p>\n<\/li>\n<li data-start=\"1850\" data-end=\"1883\">\n<p data-start=\"1852\" data-end=\"1883\">Pinza met\u00e1lica de alta sujeci\u00f3n<\/p>\n<\/li>\n<li data-start=\"1884\" data-end=\"1943\">\n<p data-start=\"1886\" data-end=\"1943\">Apta para bombillas cer\u00e1micas, spot, calor y UV compactas<\/p>\n<\/li>\n<li data-start=\"1944\" data-end=\"1963\">\n<p data-start=\"1946\" data-end=\"1963\">F\u00e1cil instalaci\u00f3n<\/p>\n<\/li>\n<li data-start=\"1964\" data-end=\"1993\">\n<p data-start=\"1966\" data-end=\"1993\">Uso dom\u00e9stico y profesional<\/p>\n<\/li>\n<\/ul>\n<h3 data-start=\"2032\" data-end=\"2045\">L\u00e1mpara Medium 140mm<\/h3>\n<ul data-start=\"2046\" data-end=\"2143\">\n<li data-start=\"2046\" data-end=\"2065\">Di\u00e1metro: 140mm<\/li>\n<li data-start=\"2046\" data-end=\"2065\">\n<p data-start=\"2048\" data-end=\"2065\">Tama\u00f1o intermedio<\/p>\n<\/li>\n<li data-start=\"2066\" data-end=\"2097\">\n<p data-start=\"2068\" data-end=\"2097\">Ideal para terrarios medianos<\/p>\n<\/li>\n<li data-start=\"2098\" data-end=\"2143\">\n<p data-start=\"2100\" data-end=\"2143\">Uso recomendado: zonas de calor localizadas<\/p>\n<\/li>\n<\/ul>\n<h3 data-start=\"2145\" data-end=\"2157\">L\u00e1mpara Large 216mm<\/h3>\n<ul data-start=\"2158\" data-end=\"2254\">\n<li data-start=\"2158\" data-end=\"2173\">Di\u00e1metro: 216mm<\/li>\n<li data-start=\"2158\" data-end=\"2173\">\n<p data-start=\"2160\" data-end=\"2173\">Tama\u00f1o grande<\/p>\n<\/li>\n<li data-start=\"2174\" data-end=\"2204\">\n<p data-start=\"2176\" data-end=\"2204\">Ideal para terrarios grandes<\/p>\n<\/li>\n<li data-start=\"2205\" data-end=\"2254\">\n<p data-start=\"2207\" data-end=\"2254\">Uso recomendado: mayor cobertura de luz y calor<\/p>\n<\/li>\n<\/ul>\n<h3 data-start=\"121\" data-end=\"138\">Ideal para<\/h3>\n<ul data-start=\"139\" data-end=\"507\">\n<li data-start=\"325\" data-end=\"360\">\n<p data-start=\"327\" data-end=\"360\">Terrarios tropicales y des\u00e9rticos<\/p>\n<\/li>\n<li data-start=\"361\" data-end=\"423\">\n<p data-start=\"363\" data-end=\"423\">Reptiles (Geckos, serpientes, pogonas, camaleones y otros reptiles)<\/p>\n<\/li>\n<li data-start=\"424\" data-end=\"507\">\n<p data-start=\"426\" data-end=\"507\">Uso <strong data-start=\"430\" data-end=\"457\">dom\u00e9stico y profesional<\/strong> (criadores, veterinarios, centros especializados)<\/p>\n<\/li>\n<\/ul>","protected":false},"excerpt":{"rendered":"<p>La <strong data-start=\"721\" data-end=\"779\">L\u00e1mpara con Pinza E27 Black Edition de Reptile Systems<\/strong> ofrece una sujeci\u00f3n segura y un dise\u00f1o resistente al calor para la correcta instalaci\u00f3n de bombillas E27 en terrarios. Disponible en tama\u00f1os Medium y Large.<\/p>","protected":false},"featured_media":3598,"comment_status":"closed","ping_status":"closed","template":"","meta":{"site-sidebar-layout":"default","site-content-layout":"","ast-site-content-layout":"default","site-content-style":"default","site-sidebar-style":"default","ast-global-header-display":"","ast-banner-title-visibility":"","ast-main-header-display":"","ast-hfb-above-header-display":"","ast-hfb-below-header-display":"","ast-hfb-mobile-header-display":"","site-post-title":"","ast-breadcrumbs-content":"","ast-featured-img":"","footer-sml-layout":"","ast-disable-related-posts":"","theme-transparent-header-meta":"default","adv-header-id-meta":"","stick-header-meta":"default","header-above-stick-meta":"","header-main-stick-meta":"","header-below-stick-meta":"","astra-migrate-meta-layouts":"set","ast-page-background-enabled":"default","ast-page-background-meta":{"desktop":{"background-color":"","background-image":"","background-repeat":"repeat","background-position":"center center","background-size":"auto","background-attachment":"scroll","background-type":"","background-media":"","overlay-type":"","overlay-color":"","overlay-opacity":"","overlay-gradient":""},"tablet":{"background-color":"","background-image":"","background-repeat":"repeat","background-position":"center center","background-size":"auto","background-attachment":"scroll","background-type":"","background-media":"","overlay-type":"","overlay-color":"","overlay-opacity":"","overlay-gradient":""},"mobile":{"background-color":"","background-image":"","background-repeat":"repeat","background-position":"center center","background-size":"auto","background-attachment":"scroll","background-type":"","background-media":"","overlay-type":"","overlay-color":"","overlay-opacity":"","overlay-gradient":""}},"ast-content-background-meta":{"desktop":{"background-color":"var(--ast-global-color-4)","background-image":"","background-repeat":"repeat","background-position":"center center","background-size":"auto","background-attachment":"scroll","background-type":"","background-media":"","overlay-type":"","overlay-color":"","overlay-opacity":"","overlay-gradient":""},"tablet":{"background-color":"var(--ast-global-color-4)","background-image":"","background-repeat":"repeat","background-position":"center center","background-size":"auto","background-attachment":"scroll","background-type":"","background-media":"","overlay-type":"","overlay-color":"","overlay-opacity":"","overlay-gradient":""},"mobile":{"background-color":"var(--ast-global-color-4)","background-image":"","background-repeat":"repeat","background-position":"center center","background-size":"auto","background-attachment":"scroll","background-type":"","background-media":"","overlay-type":"","overlay-color":"","overlay-opacity":"","overlay-gradient":""}}},"product_brand":[],"product_cat":[35,101,104,88],"product_tag":[],"class_list":{"0":"post-3593","1":"product","2":"type-product","3":"status-publish","4":"has-post-thumbnail","6":"product_cat-calefaccion","7":"product_cat-campanas","8":"product_cat-campanas-calefaccion","9":"product_cat-iluminacion","10":"product_shipping_class-accesorios-reducido","11":"desktop-align-center","12":"tablet-align-center","13":"mobile-align-center","14":"ast-product-gallery-layout-horizontal","15":"ast-product-single-variable","16":"ast-product-tabs-layout-horizontal","17":"ast-qv-on-image","19":"first","20":"instock","21":"taxable","22":"shipping-taxable","23":"purchasable","24":"product-type-variable"},"_links":{"self":[{"href":"https:\/\/mqterrarium.com\/de\/wp-json\/wp\/v2\/product\/3593","targetHints":{"allow":["GET"]}}],"collection":[{"href":"https:\/\/mqterrarium.com\/de\/wp-json\/wp\/v2\/product"}],"about":[{"href":"https:\/\/mqterrarium.com\/de\/wp-json\/wp\/v2\/types\/product"}],"replies":[{"embeddable":true,"href":"https:\/\/mqterrarium.com\/de\/wp-json\/wp\/v2\/comments?post=3593"}],"version-history":[{"count":1,"href":"https:\/\/mqterrarium.com\/de\/wp-json\/wp\/v2\/product\/3593\/revisions"}],"predecessor-version":[{"id":3601,"href":"https:\/\/mqterrarium.com\/de\/wp-json\/wp\/v2\/product\/3593\/revisions\/3601"}],"wp:featuredmedia":[{"embeddable":true,"href":"https:\/\/mqterrarium.com\/de\/wp-json\/wp\/v2\/media\/3598"}],"wp:attachment":[{"href":"https:\/\/mqterrarium.com\/de\/wp-json\/wp\/v2\/media?parent=3593"}],"wp:term":[{"taxonomy":"product_brand","embeddable":true,"href":"https:\/\/mqterrarium.com\/de\/wp-json\/wp\/v2\/product_brand?post=3593"},{"taxonomy":"product_cat","embeddable":true,"href":"https:\/\/mqterrarium.com\/de\/wp-json\/wp\/v2\/product_cat?post=3593"},{"taxonomy":"product_tag","embeddable":true,"href":"https:\/\/mqterrarium.com\/de\/wp-json\/wp\/v2\/product_tag?post=3593"}],"curies":[{"name":"wp","href":"https:\/\/api.w.org\/{rel}","templated":true}]}}