{"id":2204,"date":"2024-03-21T00:22:47","date_gmt":"2024-03-20T23:22:47","guid":{"rendered":"https:\/\/mqterrarium.es\/?post_type=product&#038;p=2204"},"modified":"2025-03-24T18:45:18","modified_gmt":"2025-03-24T17:45:18","slug":"kalziumpulver","status":"publish","type":"product","link":"https:\/\/mqterrarium.com\/de\/produkt\/kalziumpulver\/","title":{"rendered":"Calcium-Pulver"},"content":{"rendered":"<p>Das Exo Terra Kalziumpulver-Erg\u00e4nzungsfuttermittel enth\u00e4lt einen hohen Anteil an Kalzium, um eine langfristige Gesundheit zu gew\u00e4hrleisten.<br \/>\nExo Terra Calcium Powder Supplement ist ein Zusatzfutter f\u00fcr Reptilien und Amphibien.<\/p>\n<ul class=\"bullets\">\n<li>Enth\u00e4lt wesentliche Elemente f\u00fcr einen ordnungsgem\u00e4\u00dfen Kalziumstoffwechsel<\/li>\n<li>Phosphorfrei<\/li>\n<li>Ultrafeines Pulver<\/li>\n<li>F\u00fcr Reptilien und Amphibien<\/li>\n<\/ul>\n<div class=\"clearing\"><\/div>","protected":false},"excerpt":{"rendered":"<p>Exo Terra Kalzium-Pulver<\/p>","protected":false},"featured_media":2344,"comment_status":"closed","ping_status":"closed","template":"","meta":{"site-sidebar-layout":"default","site-content-layout":"","ast-site-content-layout":"default","site-content-style":"default","site-sidebar-style":"default","ast-global-header-display":"","ast-banner-title-visibility":"","ast-main-header-display":"","ast-hfb-above-header-display":"","ast-hfb-below-header-display":"","ast-hfb-mobile-header-display":"","site-post-title":"","ast-breadcrumbs-content":"","ast-featured-img":"","footer-sml-layout":"","ast-disable-related-posts":"","theme-transparent-header-meta":"default","adv-header-id-meta":"","stick-header-meta":"default","header-above-stick-meta":"","header-main-stick-meta":"","header-below-stick-meta":"","astra-migrate-meta-layouts":"set","ast-page-background-enabled":"default","ast-page-background-meta":{"desktop":{"background-color":"","background-image":"","background-repeat":"repeat","background-position":"center center","background-size":"auto","background-attachment":"scroll","background-type":"","background-media":"","overlay-type":"","overlay-color":"","overlay-opacity":"","overlay-gradient":""},"tablet":{"background-color":"","background-image":"","background-repeat":"repeat","background-position":"center center","background-size":"auto","background-attachment":"scroll","background-type":"","background-media":"","overlay-type":"","overlay-color":"","overlay-opacity":"","overlay-gradient":""},"mobile":{"background-color":"","background-image":"","background-repeat":"repeat","background-position":"center center","background-size":"auto","background-attachment":"scroll","background-type":"","background-media":"","overlay-type":"","overlay-color":"","overlay-opacity":"","overlay-gradient":""}},"ast-content-background-meta":{"desktop":{"background-color":"var(--ast-global-color-4)","background-image":"","background-repeat":"repeat","background-position":"center center","background-size":"auto","background-attachment":"scroll","background-type":"","background-media":"","overlay-type":"","overlay-color":"","overlay-opacity":"","overlay-gradient":""},"tablet":{"background-color":"var(--ast-global-color-4)","background-image":"","background-repeat":"repeat","background-position":"center center","background-size":"auto","background-attachment":"scroll","background-type":"","background-media":"","overlay-type":"","overlay-color":"","overlay-opacity":"","overlay-gradient":""},"mobile":{"background-color":"var(--ast-global-color-4)","background-image":"","background-repeat":"repeat","background-position":"center center","background-size":"auto","background-attachment":"scroll","background-type":"","background-media":"","overlay-type":"","overlay-color":"","overlay-opacity":"","overlay-gradient":""}}},"product_brand":[],"product_cat":[39,37],"product_tag":[],"class_list":{"0":"post-2204","1":"product","2":"type-product","3":"status-publish","4":"has-post-thumbnail","6":"product_cat-accesorios","7":"product_cat-suplementacion","8":"product_shipping_class-accesorios-reducido","9":"desktop-align-center","10":"tablet-align-center","11":"mobile-align-center","12":"ast-product-gallery-layout-horizontal","13":"ast-product-gallery-with-no-image","14":"ast-product-single-variable","15":"ast-product-tabs-layout-horizontal","16":"ast-qv-on-image","18":"first","19":"instock","20":"taxable","21":"shipping-taxable","22":"purchasable","23":"product-type-variable"},"_links":{"self":[{"href":"https:\/\/mqterrarium.com\/de\/wp-json\/wp\/v2\/product\/2204","targetHints":{"allow":["GET"]}}],"collection":[{"href":"https:\/\/mqterrarium.com\/de\/wp-json\/wp\/v2\/product"}],"about":[{"href":"https:\/\/mqterrarium.com\/de\/wp-json\/wp\/v2\/types\/product"}],"replies":[{"embeddable":true,"href":"https:\/\/mqterrarium.com\/de\/wp-json\/wp\/v2\/comments?post=2204"}],"version-history":[{"count":3,"href":"https:\/\/mqterrarium.com\/de\/wp-json\/wp\/v2\/product\/2204\/revisions"}],"predecessor-version":[{"id":2347,"href":"https:\/\/mqterrarium.com\/de\/wp-json\/wp\/v2\/product\/2204\/revisions\/2347"}],"wp:featuredmedia":[{"embeddable":true,"href":"https:\/\/mqterrarium.com\/de\/wp-json\/wp\/v2\/media\/2344"}],"wp:attachment":[{"href":"https:\/\/mqterrarium.com\/de\/wp-json\/wp\/v2\/media?parent=2204"}],"wp:term":[{"taxonomy":"product_brand","embeddable":true,"href":"https:\/\/mqterrarium.com\/de\/wp-json\/wp\/v2\/product_brand?post=2204"},{"taxonomy":"product_cat","embeddable":true,"href":"https:\/\/mqterrarium.com\/de\/wp-json\/wp\/v2\/product_cat?post=2204"},{"taxonomy":"product_tag","embeddable":true,"href":"https:\/\/mqterrarium.com\/de\/wp-json\/wp\/v2\/product_tag?post=2204"}],"curies":[{"name":"wp","href":"https:\/\/api.w.org\/{rel}","templated":true}]}}