{"id":1613,"date":"2024-03-06T22:36:41","date_gmt":"2024-03-06T21:36:41","guid":{"rendered":"https:\/\/mqterrarium.es\/?post_type=product&#038;p=1613"},"modified":"2026-01-23T15:51:19","modified_gmt":"2026-01-23T14:51:19","slug":"terrarium-mq-60x60x90-spezial-chamaleon-luftbefeuchter-enthalten","status":"publish","type":"product","link":"https:\/\/mqterrarium.com\/de\/produkt\/terrarium-mq-60x60x90-spezial-chamaleon-luftbefeuchter-enthalten\/","title":{"rendered":"Terrarium MQ-60X60X90 speziell f\u00fcr Cham\u00e4leon (inklusive Luftbefeuchter))"},"content":{"rendered":"<p>Terrarium aus 10mm wei\u00dfem gesch\u00e4umten PVC. Speziell f\u00fcr Cham\u00e4leons.<\/p>\n<p>Ma\u00dfe (Breite x Tiefe x H\u00f6he) 60cm x 60cm x 60cm x 90cm<\/p>\n<p>Inklusive Luftbefeuchter.<\/p>\n<p>Fl\u00fcgelt\u00fcr.<\/p>\n<p><em>In dem Abschnitt<\/em>\u00a0<a href=\"https:\/\/mqterrarium.com\/de\/ihr-terrarium-gestalten\/\" target=\"_blank\" rel=\"noopener\"><strong>IHR TERRARIUM GESTALTEN<\/strong><\/a>\u00a0<em>Sie k\u00f6nnen es individuell gestalten (Farbe, LED,...) und wir schicken Ihnen ein Angebot.<\/em><\/p>","protected":false},"excerpt":{"rendered":"<p>Gelenke mit Aussparungen, um der Struktur mehr Festigkeit zu verleihen.  Au\u00dfenma\u00dfe: 60 cm breit, 60 cm tief und 90 cm hoch.<\/p>\n<p>Edelstahlgewebe an den Seiten.<\/p>\n<p>Fl\u00fcgelt\u00fcr aus 5 mm starkem Methacrylat, mit praktischen und sicheren Schl\u00f6ssern.<\/p>\n<p>Led, IP65-Sicherheit (feuchtigkeitsbest\u00e4ndig). Niedriger Stromverbrauch.<\/p>","protected":false},"featured_media":1614,"comment_status":"open","ping_status":"closed","template":"","meta":{"site-sidebar-layout":"default","site-content-layout":"","ast-site-content-layout":"default","site-content-style":"default","site-sidebar-style":"default","ast-global-header-display":"","ast-banner-title-visibility":"","ast-main-header-display":"","ast-hfb-above-header-display":"","ast-hfb-below-header-display":"","ast-hfb-mobile-header-display":"","site-post-title":"","ast-breadcrumbs-content":"","ast-featured-img":"","footer-sml-layout":"","ast-disable-related-posts":"","theme-transparent-header-meta":"default","adv-header-id-meta":"","stick-header-meta":"default","header-above-stick-meta":"","header-main-stick-meta":"","header-below-stick-meta":"","astra-migrate-meta-layouts":"set","ast-page-background-enabled":"default","ast-page-background-meta":{"desktop":{"background-color":"","background-image":"","background-repeat":"repeat","background-position":"center center","background-size":"auto","background-attachment":"scroll","background-type":"","background-media":"","overlay-type":"","overlay-color":"","overlay-opacity":"","overlay-gradient":""},"tablet":{"background-color":"","background-image":"","background-repeat":"repeat","background-position":"center center","background-size":"auto","background-attachment":"scroll","background-type":"","background-media":"","overlay-type":"","overlay-color":"","overlay-opacity":"","overlay-gradient":""},"mobile":{"background-color":"","background-image":"","background-repeat":"repeat","background-position":"center center","background-size":"auto","background-attachment":"scroll","background-type":"","background-media":"","overlay-type":"","overlay-color":"","overlay-opacity":"","overlay-gradient":""}},"ast-content-background-meta":{"desktop":{"background-color":"var(--ast-global-color-4)","background-image":"","background-repeat":"repeat","background-position":"center center","background-size":"auto","background-attachment":"scroll","background-type":"","background-media":"","overlay-type":"","overlay-color":"","overlay-opacity":"","overlay-gradient":""},"tablet":{"background-color":"var(--ast-global-color-4)","background-image":"","background-repeat":"repeat","background-position":"center center","background-size":"auto","background-attachment":"scroll","background-type":"","background-media":"","overlay-type":"","overlay-color":"","overlay-opacity":"","overlay-gradient":""},"mobile":{"background-color":"var(--ast-global-color-4)","background-image":"","background-repeat":"repeat","background-position":"center center","background-size":"auto","background-attachment":"scroll","background-type":"","background-media":"","overlay-type":"","overlay-color":"","overlay-opacity":"","overlay-gradient":""}}},"product_brand":[],"product_cat":[41,42],"product_tag":[],"class_list":{"0":"post-1613","1":"product","2":"type-product","3":"status-publish","4":"has-post-thumbnail","6":"product_cat-terrarios","7":"product_cat-terrarios-a-medida","8":"product_shipping_class-accesorios-reducido","9":"desktop-align-center","10":"tablet-align-center","11":"mobile-align-center","12":"ast-product-gallery-layout-horizontal","13":"ast-product-single-variable","14":"ast-product-tabs-layout-horizontal","15":"ast-qv-on-image","17":"first","18":"instock","19":"taxable","20":"shipping-taxable","21":"product-type-variable"},"_links":{"self":[{"href":"https:\/\/mqterrarium.com\/de\/wp-json\/wp\/v2\/product\/1613","targetHints":{"allow":["GET"]}}],"collection":[{"href":"https:\/\/mqterrarium.com\/de\/wp-json\/wp\/v2\/product"}],"about":[{"href":"https:\/\/mqterrarium.com\/de\/wp-json\/wp\/v2\/types\/product"}],"replies":[{"embeddable":true,"href":"https:\/\/mqterrarium.com\/de\/wp-json\/wp\/v2\/comments?post=1613"}],"version-history":[{"count":8,"href":"https:\/\/mqterrarium.com\/de\/wp-json\/wp\/v2\/product\/1613\/revisions"}],"predecessor-version":[{"id":3158,"href":"https:\/\/mqterrarium.com\/de\/wp-json\/wp\/v2\/product\/1613\/revisions\/3158"}],"wp:featuredmedia":[{"embeddable":true,"href":"https:\/\/mqterrarium.com\/de\/wp-json\/wp\/v2\/media\/1614"}],"wp:attachment":[{"href":"https:\/\/mqterrarium.com\/de\/wp-json\/wp\/v2\/media?parent=1613"}],"wp:term":[{"taxonomy":"product_brand","embeddable":true,"href":"https:\/\/mqterrarium.com\/de\/wp-json\/wp\/v2\/product_brand?post=1613"},{"taxonomy":"product_cat","embeddable":true,"href":"https:\/\/mqterrarium.com\/de\/wp-json\/wp\/v2\/product_cat?post=1613"},{"taxonomy":"product_tag","embeddable":true,"href":"https:\/\/mqterrarium.com\/de\/wp-json\/wp\/v2\/product_tag?post=1613"}],"curies":[{"name":"wp","href":"https:\/\/api.w.org\/{rel}","templated":true}]}}