{"id":1594,"date":"2024-03-06T22:26:02","date_gmt":"2024-03-06T21:26:02","guid":{"rendered":"https:\/\/mqterrarium.es\/?post_type=product&#038;p=1594"},"modified":"2024-08-12T09:49:57","modified_gmt":"2024-08-12T07:49:57","slug":"terrarium-mq-120x50x50","status":"publish","type":"product","link":"https:\/\/mqterrarium.com\/de\/produkt\/terrarium-mq-120x50x50\/","title":{"rendered":"Terrarium MQ-120X50X50"},"content":{"rendered":"<p>10mm schwarzes gesch\u00e4umtes PVC-Terrarium<\/p>\n<p>Ma\u00dfe: 120cm breit x 50cm tief x 50cm hoch.<\/p>\n<p>Mit Schiebet\u00fcren.<\/p>\n<p><em>In dem Abschnitt<\/em>\u00a0<a href=\"https:\/\/mqterrarium.com\/de\/ihr-terrarium-gestalten\/\" target=\"_blank\" rel=\"noopener\"><strong>IHR TERRARIUM GESTALTEN<\/strong><\/a>\u00a0<em>Sie k\u00f6nnen es individuell gestalten (Farbe, LED,...) und wir schicken Ihnen ein Angebot.<\/em><\/p>","protected":false},"excerpt":{"rendered":"<p>Terrarium aus 10 mm dickem, schwarzem Schaum-PVC, mit gerillten Fugen, um der Struktur mehr Festigkeit zu verleihen.  Au\u00dfenma\u00dfe: 120cm breit, 50cm tief und 50cm hoch. Mit L\u00fcftungs\u00f6ffnungen in den T\u00fcren und Gitter an der R\u00fcckwand, oberer Bereich.<\/p>\n<p>5 mm starke Schiebet\u00fcren aus Methacrylat.<\/p>\n<p>Led mit integrierter F\u00fchrung: Sicherheit IP65 (feuchtigkeitsgesch\u00fctzt). Niedriger Verbrauch, 6500K. F\u00f6rdert das Pflanzenwachstum.<\/p>","protected":false},"featured_media":1600,"comment_status":"open","ping_status":"closed","template":"","meta":{"site-sidebar-layout":"default","site-content-layout":"","ast-site-content-layout":"default","site-content-style":"default","site-sidebar-style":"default","ast-global-header-display":"","ast-banner-title-visibility":"","ast-main-header-display":"","ast-hfb-above-header-display":"","ast-hfb-below-header-display":"","ast-hfb-mobile-header-display":"","site-post-title":"","ast-breadcrumbs-content":"","ast-featured-img":"","footer-sml-layout":"","ast-disable-related-posts":"","theme-transparent-header-meta":"default","adv-header-id-meta":"","stick-header-meta":"default","header-above-stick-meta":"","header-main-stick-meta":"","header-below-stick-meta":"","astra-migrate-meta-layouts":"set","ast-page-background-enabled":"default","ast-page-background-meta":{"desktop":{"background-color":"","background-image":"","background-repeat":"repeat","background-position":"center center","background-size":"auto","background-attachment":"scroll","background-type":"","background-media":"","overlay-type":"","overlay-color":"","overlay-opacity":"","overlay-gradient":""},"tablet":{"background-color":"","background-image":"","background-repeat":"repeat","background-position":"center center","background-size":"auto","background-attachment":"scroll","background-type":"","background-media":"","overlay-type":"","overlay-color":"","overlay-opacity":"","overlay-gradient":""},"mobile":{"background-color":"","background-image":"","background-repeat":"repeat","background-position":"center center","background-size":"auto","background-attachment":"scroll","background-type":"","background-media":"","overlay-type":"","overlay-color":"","overlay-opacity":"","overlay-gradient":""}},"ast-content-background-meta":{"desktop":{"background-color":"var(--ast-global-color-4)","background-image":"","background-repeat":"repeat","background-position":"center center","background-size":"auto","background-attachment":"scroll","background-type":"","background-media":"","overlay-type":"","overlay-color":"","overlay-opacity":"","overlay-gradient":""},"tablet":{"background-color":"var(--ast-global-color-4)","background-image":"","background-repeat":"repeat","background-position":"center center","background-size":"auto","background-attachment":"scroll","background-type":"","background-media":"","overlay-type":"","overlay-color":"","overlay-opacity":"","overlay-gradient":""},"mobile":{"background-color":"var(--ast-global-color-4)","background-image":"","background-repeat":"repeat","background-position":"center center","background-size":"auto","background-attachment":"scroll","background-type":"","background-media":"","overlay-type":"","overlay-color":"","overlay-opacity":"","overlay-gradient":""}}},"product_brand":[],"product_cat":[41,42],"product_tag":[],"class_list":{"0":"post-1594","1":"product","2":"type-product","3":"status-publish","4":"has-post-thumbnail","6":"product_cat-terrarios","7":"product_cat-terrarios-a-medida","8":"desktop-align-center","9":"tablet-align-center","10":"mobile-align-center","11":"ast-product-gallery-layout-horizontal","12":"ast-product-tabs-layout-horizontal","13":"ast-qv-on-image","15":"first","16":"instock","17":"taxable","18":"shipping-taxable","19":"product-type-simple"},"_links":{"self":[{"href":"https:\/\/mqterrarium.com\/de\/wp-json\/wp\/v2\/product\/1594","targetHints":{"allow":["GET"]}}],"collection":[{"href":"https:\/\/mqterrarium.com\/de\/wp-json\/wp\/v2\/product"}],"about":[{"href":"https:\/\/mqterrarium.com\/de\/wp-json\/wp\/v2\/types\/product"}],"replies":[{"embeddable":true,"href":"https:\/\/mqterrarium.com\/de\/wp-json\/wp\/v2\/comments?post=1594"}],"version-history":[{"count":3,"href":"https:\/\/mqterrarium.com\/de\/wp-json\/wp\/v2\/product\/1594\/revisions"}],"predecessor-version":[{"id":3164,"href":"https:\/\/mqterrarium.com\/de\/wp-json\/wp\/v2\/product\/1594\/revisions\/3164"}],"wp:featuredmedia":[{"embeddable":true,"href":"https:\/\/mqterrarium.com\/de\/wp-json\/wp\/v2\/media\/1600"}],"wp:attachment":[{"href":"https:\/\/mqterrarium.com\/de\/wp-json\/wp\/v2\/media?parent=1594"}],"wp:term":[{"taxonomy":"product_brand","embeddable":true,"href":"https:\/\/mqterrarium.com\/de\/wp-json\/wp\/v2\/product_brand?post=1594"},{"taxonomy":"product_cat","embeddable":true,"href":"https:\/\/mqterrarium.com\/de\/wp-json\/wp\/v2\/product_cat?post=1594"},{"taxonomy":"product_tag","embeddable":true,"href":"https:\/\/mqterrarium.com\/de\/wp-json\/wp\/v2\/product_tag?post=1594"}],"curies":[{"name":"wp","href":"https:\/\/api.w.org\/{rel}","templated":true}]}}