{"id":1200,"date":"2024-02-16T01:57:54","date_gmt":"2024-02-16T00:57:54","guid":{"rendered":"https:\/\/mqterrarium.es\/?page_id=1200"},"modified":"2024-02-16T01:57:54","modified_gmt":"2024-02-16T00:57:54","slug":"zuganglichkeit","status":"publish","type":"page","link":"https:\/\/mqterrarium.com\/de\/zuganglichkeit\/","title":{"rendered":"Erreichbarkeit"},"content":{"rendered":"<p>Letzte Aktualisierung: 15\/02\/2024<\/p>\n<p>Wir von mqterrarium.com sind bestrebt, allen unseren Nutzern, unabh\u00e4ngig von ihren F\u00e4higkeiten und Bed\u00fcrfnissen, ein barrierefreies Web-Erlebnis zu bieten. Wir bem\u00fchen uns st\u00e4ndig, die Zug\u00e4nglichkeit unserer Website zu verbessern und sicherzustellen, dass alle Menschen gleicherma\u00dfen Zugang zu Informationen haben.<\/p>\n<p><strong>1. die Einhaltung der Normen:<\/strong><\/p>\n<p>mqterrarium.es befolgt die Grunds\u00e4tze und Richtlinien der Web Content Accessibility Guidelines (WCAG) 2.1, Stufe AA. Diese Standards sind international anerkannt und dienen als Referenz f\u00fcr die Erstellung besser zug\u00e4nglicher Websites.<\/p>\n<p><strong>2. barrierefreie Funktionalit\u00e4ten:<\/strong><\/p>\n<p>2.1. <strong>Einfache Navigation:<\/strong> Wir haben mqterrarium.es f\u00fcr eine klare und koh\u00e4rente Navigation konzipiert, die den Zugang zu allen Bereichen der Website erleichtert.<\/p>\n<p>2.2. <strong>Alternativer Text in Bildern:<\/strong> Wir stellen f\u00fcr alle Bilder beschreibende Alternativtexte zur Verf\u00fcgung, die es sehbehinderten Nutzern erm\u00f6glichen, die visuellen Informationen zu verstehen.<\/p>\n<p>2.3. <strong>Text- und Kontrasteinstellungen:<\/strong> Wir bieten Optionen zur Anpassung der Textgr\u00f6\u00dfe und zur Verbesserung des Kontrasts, um die Lesbarkeit f\u00fcr alle Benutzer zu verbessern.<\/p>\n<p>2.4. <strong>Kompatibilit\u00e4t mit unterst\u00fctzenden Technologien:<\/strong> mqterrarium.es unterst\u00fctzt unterst\u00fctzende Technologien wie Bildschirmleser und Spracherkennungssoftware, um die Interaktion f\u00fcr Nutzer mit Behinderungen zu erleichtern.<\/p>\n<p><strong>3. kontinuierliche Verbesserung:<\/strong><\/p>\n<p>Wir sind bestrebt, die Zug\u00e4nglichkeit von mqterrarium.es kontinuierlich zu verbessern. Wir sch\u00e4tzen das Feedback unserer Nutzer und arbeiten daran, alle auftretenden Probleme mit der Barrierefreiheit zu l\u00f6sen.<\/p>\n<p><strong>4. Kontakt:<\/strong><\/p>\n<p>Wenn Sie auf Schwierigkeiten mit der Zug\u00e4nglichkeit sto\u00dfen oder Vorschl\u00e4ge zur Verbesserung der Zug\u00e4nglichkeit unserer Website haben, bitten wir Sie, uns zu kontaktieren: <a href=\"\/de\/kontakt\/\">Kontakt<\/a>.<\/p>\n<p>Wir freuen uns \u00fcber Ihre Unterst\u00fctzung in unserem Bestreben, mqterrarium.de f\u00fcr alle zug\u00e4nglich zu machen.<\/p>","protected":false},"excerpt":{"rendered":"<p>Letzte Aktualisierung: 15\/02\/2024 Wir von mqterrarium.com sind bestrebt, allen unseren Nutzern, unabh\u00e4ngig von ihren F\u00e4higkeiten und Bed\u00fcrfnissen, ein barrierefreies Web-Erlebnis zu bieten. Wir bem\u00fchen uns kontinuierlich um die Verbesserung der [...]<\/p>","protected":false},"author":1,"featured_media":0,"parent":0,"menu_order":0,"comment_status":"closed","ping_status":"closed","template":"","meta":{"site-sidebar-layout":"default","site-content-layout":"","ast-site-content-layout":"default","site-content-style":"default","site-sidebar-style":"default","ast-global-header-display":"","ast-banner-title-visibility":"","ast-main-header-display":"","ast-hfb-above-header-display":"","ast-hfb-below-header-display":"","ast-hfb-mobile-header-display":"","site-post-title":"","ast-breadcrumbs-content":"","ast-featured-img":"","footer-sml-layout":"","ast-disable-related-posts":"","theme-transparent-header-meta":"default","adv-header-id-meta":"","stick-header-meta":"default","header-above-stick-meta":"","header-main-stick-meta":"","header-below-stick-meta":"","astra-migrate-meta-layouts":"set","ast-page-background-enabled":"default","ast-page-background-meta":{"desktop":{"background-color":"","background-image":"","background-repeat":"repeat","background-position":"center center","background-size":"auto","background-attachment":"scroll","background-type":"","background-media":"","overlay-type":"","overlay-color":"","overlay-opacity":"","overlay-gradient":""},"tablet":{"background-color":"","background-image":"","background-repeat":"repeat","background-position":"center center","background-size":"auto","background-attachment":"scroll","background-type":"","background-media":"","overlay-type":"","overlay-color":"","overlay-opacity":"","overlay-gradient":""},"mobile":{"background-color":"","background-image":"","background-repeat":"repeat","background-position":"center center","background-size":"auto","background-attachment":"scroll","background-type":"","background-media":"","overlay-type":"","overlay-color":"","overlay-opacity":"","overlay-gradient":""}},"ast-content-background-meta":{"desktop":{"background-color":"var(--ast-global-color-4)","background-image":"","background-repeat":"repeat","background-position":"center center","background-size":"auto","background-attachment":"scroll","background-type":"","background-media":"","overlay-type":"","overlay-color":"","overlay-opacity":"","overlay-gradient":""},"tablet":{"background-color":"var(--ast-global-color-4)","background-image":"","background-repeat":"repeat","background-position":"center center","background-size":"auto","background-attachment":"scroll","background-type":"","background-media":"","overlay-type":"","overlay-color":"","overlay-opacity":"","overlay-gradient":""},"mobile":{"background-color":"var(--ast-global-color-4)","background-image":"","background-repeat":"repeat","background-position":"center center","background-size":"auto","background-attachment":"scroll","background-type":"","background-media":"","overlay-type":"","overlay-color":"","overlay-opacity":"","overlay-gradient":""}},"footnotes":""},"class_list":["post-1200","page","type-page","status-publish","hentry"],"_links":{"self":[{"href":"https:\/\/mqterrarium.com\/de\/wp-json\/wp\/v2\/pages\/1200","targetHints":{"allow":["GET"]}}],"collection":[{"href":"https:\/\/mqterrarium.com\/de\/wp-json\/wp\/v2\/pages"}],"about":[{"href":"https:\/\/mqterrarium.com\/de\/wp-json\/wp\/v2\/types\/page"}],"author":[{"embeddable":true,"href":"https:\/\/mqterrarium.com\/de\/wp-json\/wp\/v2\/users\/1"}],"replies":[{"embeddable":true,"href":"https:\/\/mqterrarium.com\/de\/wp-json\/wp\/v2\/comments?post=1200"}],"version-history":[{"count":1,"href":"https:\/\/mqterrarium.com\/de\/wp-json\/wp\/v2\/pages\/1200\/revisions"}],"predecessor-version":[{"id":1201,"href":"https:\/\/mqterrarium.com\/de\/wp-json\/wp\/v2\/pages\/1200\/revisions\/1201"}],"wp:attachment":[{"href":"https:\/\/mqterrarium.com\/de\/wp-json\/wp\/v2\/media?parent=1200"}],"curies":[{"name":"wp","href":"https:\/\/api.w.org\/{rel}","templated":true}]}}